{"id":2746,"date":"2025-04-25T14:52:11","date_gmt":"2025-04-25T18:52:11","guid":{"rendered":"https:\/\/shop.unitedecosolutions.com\/?post_type=product&#038;p=2746"},"modified":"2025-04-29T09:55:54","modified_gmt":"2025-04-29T13:55:54","slug":"climate-contribution","status":"publish","type":"product","link":"https:\/\/store.unitedecosolutions.com\/de\/produkt\/climate-contribution\/","title":{"rendered":"Kohlenstoff-Kredit"},"content":{"rendered":"<p>Durch den Kauf eines Emissionsgutscheins tragen Sie unmittelbar zur Beseitigung von einer Tonne CO\u2082 pro Einheit bei und unterst\u00fctzen gleichzeitig aktiv <a id=\"menur14pl\" class=\"fui-Link ___1q1shib f2hkw1w f3rmtva f1ewtqcl fyind8e f1k6fduh f1w7gpdv fk6fouc fjoy568 figsok6 f1s184ao f1mk8lai fnbmjn9 f1o700av f13mvf36 f1cmlufx f9n3di6 f1ids18y f1tx3yz7 f1deo86v f1eh06m1 f1iescvh fhgqx19 f1olyrje f1p93eir f1nev41a f1h8hb77 f1lqvz6u f10aw75t fsle3fq f17ae5zn\" title=\"https:\/\/unitedecosolutions.com\/faq#sdgs\" href=\"https:\/\/unitedecosolutions.com\/faq#sdgs\" target=\"_blank\" rel=\"noreferrer noopener\" aria-label=\"Link 14 der UN-Ziele f\u00fcr nachhaltige Entwicklung\"><strong>14 der UN-Ziele f\u00fcr nachhaltige Entwicklung<\/strong><\/a>.<\/p>\n<p>Diese starke Wirkung, die sowohl auf die \u00f6kologische Nachhaltigkeit als auch auf die Armutsbek\u00e4mpfung abzielt, zeigt, dass Sie nicht nur reden, sondern auch handeln, und ist etwas, das Sie bereits beim Kauf \u00fcber Ihre internen und externen Kan\u00e4le kommunizieren k\u00f6nnen.<\/p>\n<p>Mit Ihrer Investition unterst\u00fctzen Sie das Aufforstungsprojekt von United Eco Solutions in der DR Kongo, bei dem alle Aktivit\u00e4ten auf die Bed\u00fcrfnisse der lokalen Familien ausgerichtet sind, mit denen wir zusammenarbeiten, um den Regenwald in f\u00fcnf D\u00f6rfern in der Provinz Mai Ndombe wieder aufzuforsten. Lesen Sie mehr \u00fcber die Fortschritte des Projekts \ud83d\udc49 <a id=\"menur14po\" class=\"fui-Link ___1q1shib f2hkw1w f3rmtva f1ewtqcl fyind8e f1k6fduh f1w7gpdv fk6fouc fjoy568 figsok6 f1s184ao f1mk8lai fnbmjn9 f1o700av f13mvf36 f1cmlufx f9n3di6 f1ids18y f1tx3yz7 f1deo86v f1eh06m1 f1iescvh fhgqx19 f1olyrje f1p93eir f1nev41a f1h8hb77 f1lqvz6u f10aw75t fsle3fq f17ae5zn\" title=\"https:\/\/unitedecosolutions.com\/transparency#timeline\" href=\"https:\/\/unitedecosolutions.com\/transparency#timeline\" target=\"_blank\" rel=\"noreferrer noopener\" aria-label=\"Link hier\"><strong>hier<\/strong><\/a><\/p>\n<p>Sobald die Zertifizierung abgeschlossen ist (voraussichtlich im 4. Quartal 2025), werden diese Emissionsgutschriften in Gold-Standard-zertifizierte Emissionsgutschriften umgewandelt. Damit wird offiziell nachgewiesen, dass das von Ihnen unterst\u00fctzte Projekt die Best-Practice-Anforderungen in Bezug auf nachhaltige Entwicklung, Schutzma\u00dfnahmen und Einbeziehung von Stakeholdern erf\u00fcllt. Die Gutschriften k\u00f6nnen, wenn Sie dies w\u00fcnschen, offiziell dazu verwendet werden, die Emissionen Ihrer Organisation im Einklang mit den SBTi auszugleichen und in Ihrer Nachhaltigkeitsberichterstattung und den damit verbundenen Ver\u00f6ffentlichungen erw\u00e4hnt werden.<\/p>","protected":false},"excerpt":{"rendered":"<p><span data-teams=\"true\">Gold Standard gelistete und bald zertifizierte Emissionsgutschriften. Jede Klimabeitragseinheit bindet eine Tonne CO\u2082 und unterst\u00fctzt 14 UN-Ziele f\u00fcr nachhaltige Entwicklung.<\/span><\/p>","protected":false},"featured_media":2704,"comment_status":"open","ping_status":"closed","template":"","meta":{"_acf_changed":false,"site-sidebar-layout":"default","site-content-layout":"","ast-site-content-layout":"default","site-content-style":"default","site-sidebar-style":"default","ast-global-header-display":"","ast-banner-title-visibility":"","ast-main-header-display":"","ast-hfb-above-header-display":"","ast-hfb-below-header-display":"","ast-hfb-mobile-header-display":"","site-post-title":"","ast-breadcrumbs-content":"","ast-featured-img":"","footer-sml-layout":"","ast-disable-related-posts":"","theme-transparent-header-meta":"default","adv-header-id-meta":"","stick-header-meta":"default","header-above-stick-meta":"","header-main-stick-meta":"","header-below-stick-meta":"","astra-migrate-meta-layouts":"set","ast-page-background-enabled":"default","ast-page-background-meta":{"desktop":{"background-color":"var(--ast-global-color-5)","background-image":"","background-repeat":"repeat","background-position":"center center","background-size":"auto","background-attachment":"scroll","background-type":"","background-media":"","overlay-type":"","overlay-color":"","overlay-opacity":"","overlay-gradient":""},"tablet":{"background-color":"","background-image":"","background-repeat":"repeat","background-position":"center center","background-size":"auto","background-attachment":"scroll","background-type":"","background-media":"","overlay-type":"","overlay-color":"","overlay-opacity":"","overlay-gradient":""},"mobile":{"background-color":"","background-image":"","background-repeat":"repeat","background-position":"center center","background-size":"auto","background-attachment":"scroll","background-type":"","background-media":"","overlay-type":"","overlay-color":"","overlay-opacity":"","overlay-gradient":""}},"ast-content-background-meta":{"desktop":{"background-color":"var(--ast-global-color-4)","background-image":"","background-repeat":"repeat","background-position":"center center","background-size":"auto","background-attachment":"scroll","background-type":"","background-media":"","overlay-type":"","overlay-color":"","overlay-opacity":"","overlay-gradient":""},"tablet":{"background-color":"var(--ast-global-color-4)","background-image":"","background-repeat":"repeat","background-position":"center center","background-size":"auto","background-attachment":"scroll","background-type":"","background-media":"","overlay-type":"","overlay-color":"","overlay-opacity":"","overlay-gradient":""},"mobile":{"background-color":"var(--ast-global-color-4)","background-image":"","background-repeat":"repeat","background-position":"center center","background-size":"auto","background-attachment":"scroll","background-type":"","background-media":"","overlay-type":"","overlay-color":"","overlay-opacity":"","overlay-gradient":""}}},"product_brand":[],"product_cat":[48],"product_tag":[],"class_list":{"0":"post-2746","1":"product","2":"type-product","3":"status-publish","4":"has-post-thumbnail","6":"product_cat-credits","7":"desktop-align-left","8":"tablet-align-left","9":"mobile-align-left","11":"first","12":"instock","13":"virtual","14":"purchasable","15":"product-type-simple"},"acf":[],"yoast_head":"<!-- This site is optimized with the Yoast SEO plugin v26.8 - https:\/\/yoast.com\/product\/yoast-seo-wordpress\/ -->\n<title>Carbon Credit | United Eco Solutions<\/title>\n<meta name=\"description\" content=\"Purchase high quality carbon credits that contribute to 14 sustainable development goals, and in 2026 will become certified by Gold Standard!\" \/>\n<meta name=\"robots\" content=\"index, follow, max-snippet:-1, max-image-preview:large, max-video-preview:-1\" \/>\n<link rel=\"canonical\" href=\"https:\/\/store.unitedecosolutions.com\/de\/produkt\/climate-contribution\/\" \/>\n<meta property=\"og:locale\" content=\"de_DE\" \/>\n<meta property=\"og:type\" content=\"article\" \/>\n<meta property=\"og:title\" content=\"Carbon Credit | United Eco Solutions\" \/>\n<meta property=\"og:description\" content=\"Purchase high quality carbon credits that contribute to 14 sustainable development goals, and in 2026 will become certified by Gold Standard!\" \/>\n<meta property=\"og:url\" content=\"https:\/\/store.unitedecosolutions.com\/de\/produkt\/climate-contribution\/\" \/>\n<meta property=\"og:site_name\" content=\"United Eco Solutions\" \/>\n<meta property=\"article:publisher\" content=\"https:\/\/www.facebook.com\/profile.php?id=61556131475151\" \/>\n<meta property=\"article:modified_time\" content=\"2025-04-29T13:55:54+00:00\" \/>\n<meta property=\"og:image\" content=\"https:\/\/store.unitedecosolutions.com\/wp-content\/uploads\/2025\/04\/eb1e721b52d944fb2ac5d3cdbaccf412.png\" \/>\n\t<meta property=\"og:image:width\" content=\"647\" \/>\n\t<meta property=\"og:image:height\" content=\"638\" \/>\n\t<meta property=\"og:image:type\" content=\"image\/png\" \/>\n<meta name=\"twitter:card\" content=\"summary_large_image\" \/>\n<meta name=\"twitter:label1\" content=\"Gesch\u00e4tzte Lesezeit\" \/>\n\t<meta name=\"twitter:data1\" content=\"2\u00a0Minuten\" \/>\n<script type=\"application\/ld+json\" class=\"yoast-schema-graph\">{\"@context\":\"https:\/\/schema.org\",\"@graph\":[{\"@type\":\"WebPage\",\"@id\":\"https:\/\/store.unitedecosolutions.com\/en\/product\/climate-contribution\/\",\"url\":\"https:\/\/store.unitedecosolutions.com\/en\/product\/climate-contribution\/\",\"name\":\"Carbon Credit | United Eco Solutions\",\"isPartOf\":{\"@id\":\"https:\/\/store.unitedecosolutions.com\/sv\/#website\"},\"primaryImageOfPage\":{\"@id\":\"https:\/\/store.unitedecosolutions.com\/en\/product\/climate-contribution\/#primaryimage\"},\"image\":{\"@id\":\"https:\/\/store.unitedecosolutions.com\/en\/product\/climate-contribution\/#primaryimage\"},\"thumbnailUrl\":\"https:\/\/store.unitedecosolutions.com\/wp-content\/uploads\/2025\/04\/eb1e721b52d944fb2ac5d3cdbaccf412.png\",\"datePublished\":\"2025-04-25T18:52:11+00:00\",\"dateModified\":\"2025-04-29T13:55:54+00:00\",\"description\":\"Purchase high quality carbon credits that contribute to 14 sustainable development goals, and in 2026 will become certified by Gold Standard!\",\"breadcrumb\":{\"@id\":\"https:\/\/store.unitedecosolutions.com\/en\/product\/climate-contribution\/#breadcrumb\"},\"inLanguage\":\"de\",\"potentialAction\":[{\"@type\":\"ReadAction\",\"target\":[\"https:\/\/store.unitedecosolutions.com\/en\/product\/climate-contribution\/\"]}]},{\"@type\":\"ImageObject\",\"inLanguage\":\"de\",\"@id\":\"https:\/\/store.unitedecosolutions.com\/en\/product\/climate-contribution\/#primaryimage\",\"url\":\"https:\/\/store.unitedecosolutions.com\/wp-content\/uploads\/2025\/04\/eb1e721b52d944fb2ac5d3cdbaccf412.png\",\"contentUrl\":\"https:\/\/store.unitedecosolutions.com\/wp-content\/uploads\/2025\/04\/eb1e721b52d944fb2ac5d3cdbaccf412.png\",\"width\":647,\"height\":638},{\"@type\":\"BreadcrumbList\",\"@id\":\"https:\/\/store.unitedecosolutions.com\/en\/product\/climate-contribution\/#breadcrumb\",\"itemListElement\":[{\"@type\":\"ListItem\",\"position\":1,\"name\":\"Home\",\"item\":\"https:\/\/store.unitedecosolutions.com\/en\/\"},{\"@type\":\"ListItem\",\"position\":2,\"name\":\"Produkter\",\"item\":\"https:\/\/store.unitedecosolutions.com\/sv\/shop\/\"},{\"@type\":\"ListItem\",\"position\":3,\"name\":\"Carbon Credit\"}]},{\"@type\":\"WebSite\",\"@id\":\"https:\/\/store.unitedecosolutions.com\/sv\/#website\",\"url\":\"https:\/\/store.unitedecosolutions.com\/sv\/\",\"name\":\"United Eco Solutions Store\",\"description\":\"\",\"publisher\":{\"@id\":\"https:\/\/store.unitedecosolutions.com\/sv\/#organization\"},\"potentialAction\":[{\"@type\":\"SearchAction\",\"target\":{\"@type\":\"EntryPoint\",\"urlTemplate\":\"https:\/\/store.unitedecosolutions.com\/sv\/?s={search_term_string}\"},\"query-input\":{\"@type\":\"PropertyValueSpecification\",\"valueRequired\":true,\"valueName\":\"search_term_string\"}}],\"inLanguage\":\"de\"},{\"@type\":\"Organization\",\"@id\":\"https:\/\/store.unitedecosolutions.com\/sv\/#organization\",\"name\":\"United Eco Solutions\",\"url\":\"https:\/\/store.unitedecosolutions.com\/sv\/\",\"logo\":{\"@type\":\"ImageObject\",\"inLanguage\":\"de\",\"@id\":\"https:\/\/store.unitedecosolutions.com\/sv\/#\/schema\/logo\/image\/\",\"url\":\"https:\/\/store.unitedecosolutions.com\/wp-content\/uploads\/2025\/04\/cropped-Website-Icon-UES.png\",\"contentUrl\":\"https:\/\/store.unitedecosolutions.com\/wp-content\/uploads\/2025\/04\/cropped-Website-Icon-UES.png\",\"width\":512,\"height\":512,\"caption\":\"United Eco Solutions\"},\"image\":{\"@id\":\"https:\/\/store.unitedecosolutions.com\/sv\/#\/schema\/logo\/image\/\"},\"sameAs\":[\"https:\/\/www.facebook.com\/profile.php?id=61556131475151\",\"https:\/\/www.instagram.com\/unitedecosolutions\/\"]}]}<\/script>\n<!-- \/ Yoast SEO plugin. -->","yoast_head_json":{"title":"Carbon Credit | United Eco Solutions","description":"Purchase high quality carbon credits that contribute to 14 sustainable development goals, and in 2026 will become certified by Gold Standard!","robots":{"index":"index","follow":"follow","max-snippet":"max-snippet:-1","max-image-preview":"max-image-preview:large","max-video-preview":"max-video-preview:-1"},"canonical":"https:\/\/store.unitedecosolutions.com\/de\/produkt\/climate-contribution\/","og_locale":"de_DE","og_type":"article","og_title":"Carbon Credit | United Eco Solutions","og_description":"Purchase high quality carbon credits that contribute to 14 sustainable development goals, and in 2026 will become certified by Gold Standard!","og_url":"https:\/\/store.unitedecosolutions.com\/de\/produkt\/climate-contribution\/","og_site_name":"United Eco Solutions","article_publisher":"https:\/\/www.facebook.com\/profile.php?id=61556131475151","article_modified_time":"2025-04-29T13:55:54+00:00","og_image":[{"width":647,"height":638,"url":"https:\/\/store.unitedecosolutions.com\/wp-content\/uploads\/2025\/04\/eb1e721b52d944fb2ac5d3cdbaccf412.png","type":"image\/png"}],"twitter_card":"summary_large_image","twitter_misc":{"Gesch\u00e4tzte Lesezeit":"2\u00a0Minuten"},"schema":{"@context":"https:\/\/schema.org","@graph":[{"@type":"WebPage","@id":"https:\/\/store.unitedecosolutions.com\/en\/product\/climate-contribution\/","url":"https:\/\/store.unitedecosolutions.com\/en\/product\/climate-contribution\/","name":"Carbon Credit | United Eco Solutions","isPartOf":{"@id":"https:\/\/store.unitedecosolutions.com\/sv\/#website"},"primaryImageOfPage":{"@id":"https:\/\/store.unitedecosolutions.com\/en\/product\/climate-contribution\/#primaryimage"},"image":{"@id":"https:\/\/store.unitedecosolutions.com\/en\/product\/climate-contribution\/#primaryimage"},"thumbnailUrl":"https:\/\/store.unitedecosolutions.com\/wp-content\/uploads\/2025\/04\/eb1e721b52d944fb2ac5d3cdbaccf412.png","datePublished":"2025-04-25T18:52:11+00:00","dateModified":"2025-04-29T13:55:54+00:00","description":"Purchase high quality carbon credits that contribute to 14 sustainable development goals, and in 2026 will become certified by Gold Standard!","breadcrumb":{"@id":"https:\/\/store.unitedecosolutions.com\/en\/product\/climate-contribution\/#breadcrumb"},"inLanguage":"de","potentialAction":[{"@type":"ReadAction","target":["https:\/\/store.unitedecosolutions.com\/en\/product\/climate-contribution\/"]}]},{"@type":"ImageObject","inLanguage":"de","@id":"https:\/\/store.unitedecosolutions.com\/en\/product\/climate-contribution\/#primaryimage","url":"https:\/\/store.unitedecosolutions.com\/wp-content\/uploads\/2025\/04\/eb1e721b52d944fb2ac5d3cdbaccf412.png","contentUrl":"https:\/\/store.unitedecosolutions.com\/wp-content\/uploads\/2025\/04\/eb1e721b52d944fb2ac5d3cdbaccf412.png","width":647,"height":638},{"@type":"BreadcrumbList","@id":"https:\/\/store.unitedecosolutions.com\/en\/product\/climate-contribution\/#breadcrumb","itemListElement":[{"@type":"ListItem","position":1,"name":"Home","item":"https:\/\/store.unitedecosolutions.com\/en\/"},{"@type":"ListItem","position":2,"name":"Produkter","item":"https:\/\/store.unitedecosolutions.com\/sv\/shop\/"},{"@type":"ListItem","position":3,"name":"Carbon Credit"}]},{"@type":"WebSite","@id":"https:\/\/store.unitedecosolutions.com\/sv\/#website","url":"https:\/\/store.unitedecosolutions.com\/sv\/","name":"United Eco Solutions Laden","description":"","publisher":{"@id":"https:\/\/store.unitedecosolutions.com\/sv\/#organization"},"potentialAction":[{"@type":"SearchAction","target":{"@type":"EntryPoint","urlTemplate":"https:\/\/store.unitedecosolutions.com\/sv\/?s={search_term_string}"},"query-input":{"@type":"PropertyValueSpecification","valueRequired":true,"valueName":"search_term_string"}}],"inLanguage":"de"},{"@type":"Organization","@id":"https:\/\/store.unitedecosolutions.com\/sv\/#organization","name":"Vereinigte \u00d6ko-L\u00f6sungen","url":"https:\/\/store.unitedecosolutions.com\/sv\/","logo":{"@type":"ImageObject","inLanguage":"de","@id":"https:\/\/store.unitedecosolutions.com\/sv\/#\/schema\/logo\/image\/","url":"https:\/\/store.unitedecosolutions.com\/wp-content\/uploads\/2025\/04\/cropped-Website-Icon-UES.png","contentUrl":"https:\/\/store.unitedecosolutions.com\/wp-content\/uploads\/2025\/04\/cropped-Website-Icon-UES.png","width":512,"height":512,"caption":"United Eco Solutions"},"image":{"@id":"https:\/\/store.unitedecosolutions.com\/sv\/#\/schema\/logo\/image\/"},"sameAs":["https:\/\/www.facebook.com\/profile.php?id=61556131475151","https:\/\/www.instagram.com\/unitedecosolutions\/"]}]}},"_links":{"self":[{"href":"https:\/\/store.unitedecosolutions.com\/de\/wp-json\/wp\/v2\/product\/2746","targetHints":{"allow":["GET"]}}],"collection":[{"href":"https:\/\/store.unitedecosolutions.com\/de\/wp-json\/wp\/v2\/product"}],"about":[{"href":"https:\/\/store.unitedecosolutions.com\/de\/wp-json\/wp\/v2\/types\/product"}],"replies":[{"embeddable":true,"href":"https:\/\/store.unitedecosolutions.com\/de\/wp-json\/wp\/v2\/comments?post=2746"}],"version-history":[{"count":15,"href":"https:\/\/store.unitedecosolutions.com\/de\/wp-json\/wp\/v2\/product\/2746\/revisions"}],"predecessor-version":[{"id":2845,"href":"https:\/\/store.unitedecosolutions.com\/de\/wp-json\/wp\/v2\/product\/2746\/revisions\/2845"}],"wp:featuredmedia":[{"embeddable":true,"href":"https:\/\/store.unitedecosolutions.com\/de\/wp-json\/wp\/v2\/media\/2704"}],"wp:attachment":[{"href":"https:\/\/store.unitedecosolutions.com\/de\/wp-json\/wp\/v2\/media?parent=2746"}],"wp:term":[{"taxonomy":"product_brand","embeddable":true,"href":"https:\/\/store.unitedecosolutions.com\/de\/wp-json\/wp\/v2\/product_brand?post=2746"},{"taxonomy":"product_cat","embeddable":true,"href":"https:\/\/store.unitedecosolutions.com\/de\/wp-json\/wp\/v2\/product_cat?post=2746"},{"taxonomy":"product_tag","embeddable":true,"href":"https:\/\/store.unitedecosolutions.com\/de\/wp-json\/wp\/v2\/product_tag?post=2746"}],"curies":[{"name":"wp","href":"https:\/\/api.w.org\/{rel}","templated":true}]}}